{"id":2950,"date":"2018-12-11T11:37:14","date_gmt":"2018-12-11T10:37:14","guid":{"rendered":"https:\/\/www.genovamyhome.it\/proprietari\/"},"modified":"2023-04-17T15:43:51","modified_gmt":"2023-04-17T13:43:51","slug":"proprietari","status":"publish","type":"page","link":"https:\/\/www.genovamyhome.it\/en\/proprietari\/","title":{"rendered":"Owners"},"content":{"rendered":"<p class=\"\" align=\"justify\">Vuoi mettere a reddito la tua propriet\u00e0?<\/p>\n<p>Genovamyhome pu\u00f2 valutare con te le potenzialit\u00e0 della tua casa. Nel caso tu sia interessato, Genovamyhome pu\u00f2 gestire il tuo appartamento, assicurandoti un reddito e togliendoti ogni incombenza connessa con la gestione. Contattaci! Ti racconteremo come lavoriamo.<\/p>\n<p>Mail: info@genovamyhome.it Tel. 010\/7983103<\/p>\n","protected":false},"excerpt":{"rendered":"<p>Vuoi mettere a reddito la tua propriet\u00e0? Genovamyhome pu\u00f2 valutare con te le potenzialit\u00e0 della tua casa. Nel caso tu [&hellip;]<\/p>\n","protected":false},"author":2,"featured_media":1397,"parent":0,"menu_order":0,"comment_status":"closed","ping_status":"closed","template":"","meta":{"footnotes":""},"class_list":["post-2950","page","type-page","status-publish","has-post-thumbnail","hentry"],"yoast_head":"<!-- This site is optimized with the Yoast SEO plugin v26.8 - https:\/\/yoast.com\/product\/yoast-seo-wordpress\/ -->\n<title>Owners - Genova My Home<\/title>\n<meta name=\"robots\" content=\"index, follow, max-snippet:-1, max-image-preview:large, max-video-preview:-1\" \/>\n<link rel=\"canonical\" href=\"https:\/\/www.genovamyhome.it\/en\/proprietari\/\" \/>\n<meta property=\"og:locale\" content=\"en_US\" \/>\n<meta property=\"og:type\" content=\"article\" \/>\n<meta property=\"og:title\" content=\"Owners - Genova My Home\" \/>\n<meta property=\"og:description\" content=\"Vuoi mettere a reddito la tua propriet\u00e0? Genovamyhome pu\u00f2 valutare con te le potenzialit\u00e0 della tua casa. Nel caso tu [&hellip;]\" \/>\n<meta property=\"og:url\" content=\"https:\/\/www.genovamyhome.it\/en\/proprietari\/\" \/>\n<meta property=\"og:site_name\" content=\"Genova My Home\" \/>\n<meta property=\"article:modified_time\" content=\"2023-04-17T13:43:51+00:00\" \/>\n<meta property=\"og:image\" content=\"https:\/\/www.genovamyhome.it\/wp-content\/uploads\/2019\/06\/shutterstock_1188407065-1024x362.jpg\" \/>\n\t<meta property=\"og:image:width\" content=\"1024\" \/>\n\t<meta property=\"og:image:height\" content=\"362\" \/>\n\t<meta property=\"og:image:type\" content=\"image\/jpeg\" \/>\n<meta name=\"twitter:card\" content=\"summary_large_image\" \/>\n<meta name=\"twitter:label1\" content=\"Est. reading time\" \/>\n\t<meta name=\"twitter:data1\" content=\"1 minute\" \/>\n<script type=\"application\/ld+json\" class=\"yoast-schema-graph\">{\"@context\":\"https:\/\/schema.org\",\"@graph\":[{\"@type\":\"WebPage\",\"@id\":\"https:\/\/www.genovamyhome.it\/en\/proprietari\/\",\"url\":\"https:\/\/www.genovamyhome.it\/en\/proprietari\/\",\"name\":\"Owners - Genova My Home\",\"isPartOf\":{\"@id\":\"https:\/\/www.genovamyhome.it\/en\/#website\"},\"primaryImageOfPage\":{\"@id\":\"https:\/\/www.genovamyhome.it\/en\/proprietari\/#primaryimage\"},\"image\":{\"@id\":\"https:\/\/www.genovamyhome.it\/en\/proprietari\/#primaryimage\"},\"thumbnailUrl\":\"https:\/\/www.genovamyhome.it\/wp-content\/uploads\/2019\/06\/shutterstock_1188407065.jpg\",\"datePublished\":\"2018-12-11T10:37:14+00:00\",\"dateModified\":\"2023-04-17T13:43:51+00:00\",\"breadcrumb\":{\"@id\":\"https:\/\/www.genovamyhome.it\/en\/proprietari\/#breadcrumb\"},\"inLanguage\":\"en-US\",\"potentialAction\":[{\"@type\":\"ReadAction\",\"target\":[\"https:\/\/www.genovamyhome.it\/en\/proprietari\/\"]}]},{\"@type\":\"ImageObject\",\"inLanguage\":\"en-US\",\"@id\":\"https:\/\/www.genovamyhome.it\/en\/proprietari\/#primaryimage\",\"url\":\"https:\/\/www.genovamyhome.it\/wp-content\/uploads\/2019\/06\/shutterstock_1188407065.jpg\",\"contentUrl\":\"https:\/\/www.genovamyhome.it\/wp-content\/uploads\/2019\/06\/shutterstock_1188407065.jpg\",\"width\":4904,\"height\":1733,\"caption\":\"affitto breve a genova\"},{\"@type\":\"BreadcrumbList\",\"@id\":\"https:\/\/www.genovamyhome.it\/en\/proprietari\/#breadcrumb\",\"itemListElement\":[{\"@type\":\"ListItem\",\"position\":1,\"name\":\"Home\",\"item\":\"https:\/\/www.genovamyhome.it\/en\/\"},{\"@type\":\"ListItem\",\"position\":2,\"name\":\"Owners\"}]},{\"@type\":\"WebSite\",\"@id\":\"https:\/\/www.genovamyhome.it\/en\/#website\",\"url\":\"https:\/\/www.genovamyhome.it\/en\/\",\"name\":\"Genova My Home\",\"description\":\"Affitto breve a Genova\",\"publisher\":{\"@id\":\"https:\/\/www.genovamyhome.it\/en\/#organization\"},\"potentialAction\":[{\"@type\":\"SearchAction\",\"target\":{\"@type\":\"EntryPoint\",\"urlTemplate\":\"https:\/\/www.genovamyhome.it\/en\/?s={search_term_string}\"},\"query-input\":{\"@type\":\"PropertyValueSpecification\",\"valueRequired\":true,\"valueName\":\"search_term_string\"}}],\"inLanguage\":\"en-US\"},{\"@type\":\"Organization\",\"@id\":\"https:\/\/www.genovamyhome.it\/en\/#organization\",\"name\":\"Genova My Home\",\"url\":\"https:\/\/www.genovamyhome.it\/en\/\",\"logo\":{\"@type\":\"ImageObject\",\"inLanguage\":\"en-US\",\"@id\":\"https:\/\/www.genovamyhome.it\/en\/#\/schema\/logo\/image\/\",\"url\":\"https:\/\/www.genovamyhome.it\/wp-content\/uploads\/2023\/06\/logo.png\",\"contentUrl\":\"https:\/\/www.genovamyhome.it\/wp-content\/uploads\/2023\/06\/logo.png\",\"width\":614,\"height\":171,\"caption\":\"Genova My Home\"},\"image\":{\"@id\":\"https:\/\/www.genovamyhome.it\/en\/#\/schema\/logo\/image\/\"}}]}<\/script>\n<!-- \/ Yoast SEO plugin. -->","yoast_head_json":{"title":"Owners - Genova My Home","robots":{"index":"index","follow":"follow","max-snippet":"max-snippet:-1","max-image-preview":"max-image-preview:large","max-video-preview":"max-video-preview:-1"},"canonical":"https:\/\/www.genovamyhome.it\/en\/proprietari\/","og_locale":"en_US","og_type":"article","og_title":"Owners - Genova My Home","og_description":"Vuoi mettere a reddito la tua propriet\u00e0? Genovamyhome pu\u00f2 valutare con te le potenzialit\u00e0 della tua casa. Nel caso tu [&hellip;]","og_url":"https:\/\/www.genovamyhome.it\/en\/proprietari\/","og_site_name":"Genova My Home","article_modified_time":"2023-04-17T13:43:51+00:00","og_image":[{"width":1024,"height":362,"url":"https:\/\/www.genovamyhome.it\/wp-content\/uploads\/2019\/06\/shutterstock_1188407065-1024x362.jpg","type":"image\/jpeg"}],"twitter_card":"summary_large_image","twitter_misc":{"Est. reading time":"1 minute"},"schema":{"@context":"https:\/\/schema.org","@graph":[{"@type":"WebPage","@id":"https:\/\/www.genovamyhome.it\/en\/proprietari\/","url":"https:\/\/www.genovamyhome.it\/en\/proprietari\/","name":"Owners - Genova My Home","isPartOf":{"@id":"https:\/\/www.genovamyhome.it\/en\/#website"},"primaryImageOfPage":{"@id":"https:\/\/www.genovamyhome.it\/en\/proprietari\/#primaryimage"},"image":{"@id":"https:\/\/www.genovamyhome.it\/en\/proprietari\/#primaryimage"},"thumbnailUrl":"https:\/\/www.genovamyhome.it\/wp-content\/uploads\/2019\/06\/shutterstock_1188407065.jpg","datePublished":"2018-12-11T10:37:14+00:00","dateModified":"2023-04-17T13:43:51+00:00","breadcrumb":{"@id":"https:\/\/www.genovamyhome.it\/en\/proprietari\/#breadcrumb"},"inLanguage":"en-US","potentialAction":[{"@type":"ReadAction","target":["https:\/\/www.genovamyhome.it\/en\/proprietari\/"]}]},{"@type":"ImageObject","inLanguage":"en-US","@id":"https:\/\/www.genovamyhome.it\/en\/proprietari\/#primaryimage","url":"https:\/\/www.genovamyhome.it\/wp-content\/uploads\/2019\/06\/shutterstock_1188407065.jpg","contentUrl":"https:\/\/www.genovamyhome.it\/wp-content\/uploads\/2019\/06\/shutterstock_1188407065.jpg","width":4904,"height":1733,"caption":"affitto breve a genova"},{"@type":"BreadcrumbList","@id":"https:\/\/www.genovamyhome.it\/en\/proprietari\/#breadcrumb","itemListElement":[{"@type":"ListItem","position":1,"name":"Home","item":"https:\/\/www.genovamyhome.it\/en\/"},{"@type":"ListItem","position":2,"name":"Owners"}]},{"@type":"WebSite","@id":"https:\/\/www.genovamyhome.it\/en\/#website","url":"https:\/\/www.genovamyhome.it\/en\/","name":"Genova My Home","description":"Affitto breve a Genova","publisher":{"@id":"https:\/\/www.genovamyhome.it\/en\/#organization"},"potentialAction":[{"@type":"SearchAction","target":{"@type":"EntryPoint","urlTemplate":"https:\/\/www.genovamyhome.it\/en\/?s={search_term_string}"},"query-input":{"@type":"PropertyValueSpecification","valueRequired":true,"valueName":"search_term_string"}}],"inLanguage":"en-US"},{"@type":"Organization","@id":"https:\/\/www.genovamyhome.it\/en\/#organization","name":"Genova My Home","url":"https:\/\/www.genovamyhome.it\/en\/","logo":{"@type":"ImageObject","inLanguage":"en-US","@id":"https:\/\/www.genovamyhome.it\/en\/#\/schema\/logo\/image\/","url":"https:\/\/www.genovamyhome.it\/wp-content\/uploads\/2023\/06\/logo.png","contentUrl":"https:\/\/www.genovamyhome.it\/wp-content\/uploads\/2023\/06\/logo.png","width":614,"height":171,"caption":"Genova My Home"},"image":{"@id":"https:\/\/www.genovamyhome.it\/en\/#\/schema\/logo\/image\/"}}]}},"_links":{"self":[{"href":"https:\/\/www.genovamyhome.it\/en\/wp-json\/wp\/v2\/pages\/2950","targetHints":{"allow":["GET"]}}],"collection":[{"href":"https:\/\/www.genovamyhome.it\/en\/wp-json\/wp\/v2\/pages"}],"about":[{"href":"https:\/\/www.genovamyhome.it\/en\/wp-json\/wp\/v2\/types\/page"}],"author":[{"embeddable":true,"href":"https:\/\/www.genovamyhome.it\/en\/wp-json\/wp\/v2\/users\/2"}],"replies":[{"embeddable":true,"href":"https:\/\/www.genovamyhome.it\/en\/wp-json\/wp\/v2\/comments?post=2950"}],"version-history":[{"count":1,"href":"https:\/\/www.genovamyhome.it\/en\/wp-json\/wp\/v2\/pages\/2950\/revisions"}],"predecessor-version":[{"id":2951,"href":"https:\/\/www.genovamyhome.it\/en\/wp-json\/wp\/v2\/pages\/2950\/revisions\/2951"}],"wp:featuredmedia":[{"embeddable":true,"href":"https:\/\/www.genovamyhome.it\/en\/wp-json\/wp\/v2\/media\/1397"}],"wp:attachment":[{"href":"https:\/\/www.genovamyhome.it\/en\/wp-json\/wp\/v2\/media?parent=2950"}],"curies":[{"name":"wp","href":"https:\/\/api.w.org\/{rel}","templated":true}]}}